{"id":126,"date":"2023-01-08T15:07:01","date_gmt":"2023-01-08T14:07:01","guid":{"rendered":"https:\/\/mccavocat.wordpress.com\/?page_id=126"},"modified":"2023-07-31T15:54:14","modified_gmt":"2023-07-31T13:54:14","slug":"domaine-de-competences","status":"publish","type":"page","link":"https:\/\/www.mccavocat.fr\/index.php\/domaine-de-competences\/","title":{"rendered":"Domaines de comp\u00e9tences &#038; d&rsquo;intervention"},"content":{"rendered":"\n<div class=\"wp-block-group alignfull is-layout-constrained wp-block-group-is-layout-constrained\">\n<div class=\"wp-block-group alignwide is-content-justification-space-between is-layout-flex wp-container-core-group-is-layout-901ef6e1 wp-block-group-is-layout-flex\" style=\"padding-top:var(--wp--custom--spacing--small, 1.25rem);padding-bottom:var(--wp--custom--spacing--large, 8rem)\">\n<div class=\"wp-block-group is-layout-flex wp-block-group-is-layout-flex\"><div class=\"wp-block-site-logo\"><a href=\"https:\/\/www.mccavocat.fr\/\" class=\"custom-logo-link\" rel=\"home\"><img loading=\"lazy\" decoding=\"async\" width=\"64\" height=\"31\" src=\"https:\/\/www.mccavocat.fr\/wp-content\/uploads\/2023\/07\/logo-MCC.jpg\" class=\"custom-logo\" alt=\"WordPress\" srcset=\"https:\/\/www.mccavocat.fr\/wp-content\/uploads\/2023\/07\/logo-MCC.jpg 1101w, https:\/\/www.mccavocat.fr\/wp-content\/uploads\/2023\/07\/logo-MCC-300x150.jpg 300w, https:\/\/www.mccavocat.fr\/wp-content\/uploads\/2023\/07\/logo-MCC-1024x512.jpg 1024w, https:\/\/www.mccavocat.fr\/wp-content\/uploads\/2023\/07\/logo-MCC-768x384.jpg 768w\" sizes=\"auto, (max-width: 64px) 100vw, 64px\" \/><\/a><\/div><\/div>\n\n\n<nav class=\"is-responsive items-justified-right wp-block-navigation is-content-justification-right is-layout-flex wp-container-core-navigation-is-layout-f665d2b5 wp-block-navigation-is-layout-flex\" \n\t\t data-wp-interactive=\"core\/navigation\" data-wp-context='{\"overlayOpenedBy\":{\"click\":false,\"hover\":false,\"focus\":false},\"type\":\"overlay\",\"roleAttribute\":\"\",\"ariaLabel\":\"Menu\"}'><button aria-haspopup=\"dialog\" aria-label=\"Ouvrir le menu\" class=\"wp-block-navigation__responsive-container-open\" \n\t\t\t\tdata-wp-on--click=\"actions.openMenuOnClick\"\n\t\t\t\tdata-wp-on--keydown=\"actions.handleMenuKeydown\"\n\t\t\t><svg width=\"24\" height=\"24\" xmlns=\"http:\/\/www.w3.org\/2000\/svg\" viewBox=\"0 0 24 24\" aria-hidden=\"true\" focusable=\"false\"><path d=\"M4 7.5h16v1.5H4z\"><\/path><path d=\"M4 15h16v1.5H4z\"><\/path><\/svg><\/button>\n\t\t\t\t<div class=\"wp-block-navigation__responsive-container\"  id=\"modal-1\" \n\t\t\t\tdata-wp-class--has-modal-open=\"state.isMenuOpen\"\n\t\t\t\tdata-wp-class--is-menu-open=\"state.isMenuOpen\"\n\t\t\t\tdata-wp-watch=\"callbacks.initMenu\"\n\t\t\t\tdata-wp-on--keydown=\"actions.handleMenuKeydown\"\n\t\t\t\tdata-wp-on--focusout=\"actions.handleMenuFocusout\"\n\t\t\t\ttabindex=\"-1\"\n\t\t\t>\n\t\t\t\t\t<div class=\"wp-block-navigation__responsive-close\" tabindex=\"-1\">\n\t\t\t\t\t\t<div class=\"wp-block-navigation__responsive-dialog\" \n\t\t\t\tdata-wp-bind--aria-modal=\"state.ariaModal\"\n\t\t\t\tdata-wp-bind--aria-label=\"state.ariaLabel\"\n\t\t\t\tdata-wp-bind--role=\"state.roleAttribute\"\n\t\t\t>\n\t\t\t\t\t\t\t<button aria-label=\"Fermer le menu\" class=\"wp-block-navigation__responsive-container-close\" \n\t\t\t\tdata-wp-on--click=\"actions.closeMenuOnClick\"\n\t\t\t><svg xmlns=\"http:\/\/www.w3.org\/2000\/svg\" viewBox=\"0 0 24 24\" width=\"24\" height=\"24\" aria-hidden=\"true\" focusable=\"false\"><path d=\"m13.06 12 6.47-6.47-1.06-1.06L12 10.94 5.53 4.47 4.47 5.53 10.94 12l-6.47 6.47 1.06 1.06L12 13.06l6.47 6.47 1.06-1.06L13.06 12Z\"><\/path><\/svg><\/button>\n\t\t\t\t\t\t\t<div class=\"wp-block-navigation__responsive-container-content\" \n\t\t\t\tdata-wp-watch=\"callbacks.focusFirstElement\"\n\t\t\t id=\"modal-1-content\">\n\t\t\t\t\t\t\t\t<ul class=\"wp-block-navigation__container is-responsive items-justified-right wp-block-navigation\"><ul class=\"wp-block-page-list\"><li class=\"wp-block-pages-list__item wp-block-navigation-item open-on-hover-click\"><a class=\"wp-block-pages-list__item__link wp-block-navigation-item__content\" href=\"https:\/\/www.mccavocat.fr\/index.php\/domaine-de-competences\/\">Domaines de comp\u00e9tences &amp; d&rsquo;intervention<\/a><\/li><li class=\"wp-block-pages-list__item wp-block-navigation-item open-on-hover-click\"><a class=\"wp-block-pages-list__item__link wp-block-navigation-item__content\" href=\"https:\/\/www.mccavocat.fr\/index.php\/honoraires\/\">Honoraires<\/a><\/li><li class=\"wp-block-pages-list__item wp-block-navigation-item open-on-hover-click\"><a class=\"wp-block-pages-list__item__link wp-block-navigation-item__content\" href=\"https:\/\/www.mccavocat.fr\/index.php\/contact\/\">Contact<\/a><\/li><li class=\"wp-block-pages-list__item wp-block-navigation-item open-on-hover-click\"><a class=\"wp-block-pages-list__item__link wp-block-navigation-item__content\" href=\"https:\/\/www.mccavocat.fr\/index.php\/mentions-legales\/\">Mentions l\u00e9gales<\/a><\/li><\/ul><\/ul>\n\t\t\t\t\t\t\t<\/div>\n\t\t\t\t\t\t<\/div>\n\t\t\t\t\t<\/div>\n\t\t\t\t<\/div><\/nav><\/div>\n\n\n\n<h2 class=\"wp-block-heading has-text-align-center\">Vous \u00eates: <\/h2>\n\n\n\n<div class=\"wp-block-columns alignwide is-layout-flex wp-container-core-columns-is-layout-d2da2050 wp-block-columns-is-layout-flex\" style=\"margin-bottom:0\">\n<div class=\"wp-block-column has-tertiary-color has-foreground-background-color has-text-color has-background has-link-color wp-elements-4680afa4410b832c935487d33c00788a is-layout-flow wp-block-column-is-layout-flow\" style=\"padding-top:2em;padding-right:2em;padding-bottom:2em;padding-left:2em\">\n<h2 class=\"wp-block-heading has-text-align-center\" id=\"single\" style=\"font-size:31px\"><strong>Un particulier<\/strong><\/h2>\n\n\n\n<p class=\"has-normal-font-size\" style=\"line-height:1.5\"><em><strong>Le cabinet de Ma\u00eetre CAVAGNA-CRESTANI vous accompagne : <\/strong> <\/em><\/p>\n\n\n\n<hr class=\"wp-block-separator has-text-color has-tertiary-color has-alpha-channel-opacity has-tertiary-background-color has-background is-style-wide\"\/>\n\n\n\n<p>Devant les juridictions civiles<\/p>\n\n\n\n<ul class=\"has-normal-font-size wp-block-list\">\n<li>Litige avec votre vendeur (vente immobili\u00e8re ou mobili\u00e8re) <\/li>\n\n\n\n<li>Litige avec votre locataire, <\/li>\n\n\n\n<li>Litige avec votre syndic de copropri\u00e9t\u00e9<\/li>\n\n\n\n<li>Litige avec votre voisin<\/li>\n\n\n\n<li>Litige avec un prestataire<\/li>\n\n\n\n<li>Litige avec des coh\u00e9ritiers<\/li>\n\n\n\n<li>Litige avec votre assureur, <\/li>\n<\/ul>\n\n\n\n<p>Devant les juridictions p\u00e9nales<\/p>\n<\/div>\n\n\n\n<div class=\"wp-block-column has-tertiary-color has-foreground-background-color has-text-color has-background has-link-color wp-elements-cc4180e941e36c6dbb84a87e46eb57fb is-layout-flow wp-block-column-is-layout-flow\" style=\"padding-top:2em;padding-right:2em;padding-bottom:2em;padding-left:2em\">\n<h2 class=\"wp-block-heading has-text-align-center\" id=\"patron\" style=\"font-size:32px\"><strong>Une entreprise<\/strong> <strong>ou un professionnel<\/strong><\/h2>\n\n\n\n<p class=\"has-normal-font-size\"><strong><strong><em>Le cabinet de Ma\u00eetre CAVAGNA-CRESTANI vous accompagne :<\/em><\/strong><\/strong><\/p>\n\n\n\n<hr class=\"wp-block-separator has-text-color has-tertiary-color has-alpha-channel-opacity has-tertiary-background-color has-background is-style-wide\"\/>\n\n\n\n<p>Devant le Tribunal de Commerce ou le Tribunal Judiciaire <\/p>\n\n\n\n<ul class=\"has-normal-font-size wp-block-list\">\n<li>Litige avec un client<\/li>\n\n\n\n<li>Litige avec un partenaire<\/li>\n\n\n\n<li>Retard, inex\u00e9cution, mauvaise ex\u00e9cution&#8230;<\/li>\n<\/ul>\n\n\n\n<div class=\"wp-block-buttons alignfull is-horizontal is-content-justification-center is-layout-flex wp-container-core-buttons-is-layout-03627597 wp-block-buttons-is-layout-flex\"><\/div>\n<\/div>\n\n\n\n<div class=\"wp-block-column has-tertiary-color has-foreground-background-color has-text-color has-background has-link-color wp-elements-fee8283b05ca7ce7bfe3b3aad4c2151f is-layout-flow wp-block-column-is-layout-flow\" style=\"padding-top:2em;padding-right:2em;padding-bottom:2em;padding-left:2em\">\n<h2 class=\"wp-block-heading has-text-align-center\" id=\"patron\" style=\"font-size:32px\"><strong>Un confr\u00e8re<\/strong><\/h2>\n\n\n\n<p class=\"has-normal-font-size\"><strong><em><strong>Le cabinet de Ma\u00eetre CAVAGNA-CRESTANI <\/strong>sera ravi de se charger de vos postulations<\/em><\/strong><\/p>\n\n\n\n<hr class=\"wp-block-separator has-text-color has-tertiary-color has-alpha-channel-opacity has-tertiary-background-color has-background is-style-wide\"\/>\n\n\n\n<p> <\/p>\n\n\n\n<ul class=\"has-normal-font-size wp-block-list\">\n<li>Tribunal de Commerce<\/li>\n\n\n\n<li>Tribunal Judiciaire<\/li>\n\n\n\n<li>Cour d&rsquo;Appel<\/li>\n<\/ul>\n\n\n\n<div class=\"wp-block-buttons alignfull is-horizontal is-content-justification-center is-layout-flex wp-container-core-buttons-is-layout-03627597 wp-block-buttons-is-layout-flex\"><\/div>\n<\/div>\n<\/div>\n\n\n\n<h1 class=\"wp-block-heading has-text-align-center has-x-large-font-size\" style=\"text-transform:none\"><\/h1>\n\n\n\n<p><\/p>\n<\/div>\n\n\n\n<h2 class=\"wp-block-heading has-text-align-center\">Margot CAVAGNA-CRESTANI vous accompagne pour trouver une solution amiable ou judiciaire <\/h2>\n\n\n\n<div class=\"wp-block-group alignfull has-contrast-color has-text-color is-vertical is-content-justification-center is-layout-flex wp-container-core-group-is-layout-f306f087 wp-block-group-is-layout-flex\" style=\"min-height:40vh;margin-top:0;margin-bottom:0;padding-top:var(--wp--preset--spacing--60);padding-right:var(--wp--preset--spacing--50);padding-bottom:var(--wp--preset--spacing--60);padding-left:var(--wp--preset--spacing--50)\"><div style=\"margin-bottom:6px;\" class=\"is-default-size aligncenter wp-block-site-logo\"><a href=\"https:\/\/www.mccavocat.fr\/\" class=\"custom-logo-link\" rel=\"home\"><img loading=\"lazy\" decoding=\"async\" width=\"1101\" height=\"550\" src=\"https:\/\/www.mccavocat.fr\/wp-content\/uploads\/2023\/07\/logo-MCC.jpg\" class=\"custom-logo\" alt=\"WordPress\" srcset=\"https:\/\/www.mccavocat.fr\/wp-content\/uploads\/2023\/07\/logo-MCC.jpg 1101w, https:\/\/www.mccavocat.fr\/wp-content\/uploads\/2023\/07\/logo-MCC-300x150.jpg 300w, https:\/\/www.mccavocat.fr\/wp-content\/uploads\/2023\/07\/logo-MCC-1024x512.jpg 1024w, https:\/\/www.mccavocat.fr\/wp-content\/uploads\/2023\/07\/logo-MCC-768x384.jpg 768w\" sizes=\"auto, (max-width: 1101px) 100vw, 1101px\" \/><\/a><\/div><\/div>\n","protected":false},"excerpt":{"rendered":"<p>Vous \u00eates: Un particulier Le cabinet de Ma\u00eetre CAVAGNA-CRESTANI vous accompagne : Devant les juridictions civiles Devant les juridictions p\u00e9nales Une entreprise ou un professionnel Le cabinet de Ma\u00eetre CAVAGNA-CRESTANI vous accompagne : Devant le Tribunal de Commerce ou le Tribunal Judiciaire Un confr\u00e8re Le cabinet de Ma\u00eetre CAVAGNA-CRESTANI sera ravi de se charger de [&hellip;]<\/p>\n","protected":false},"author":1,"featured_media":0,"parent":0,"menu_order":2,"comment_status":"closed","ping_status":"closed","template":"blank","meta":{"footnotes":""},"class_list":["post-126","page","type-page","status-publish","hentry"],"_links":{"self":[{"href":"https:\/\/www.mccavocat.fr\/index.php\/wp-json\/wp\/v2\/pages\/126","targetHints":{"allow":["GET"]}}],"collection":[{"href":"https:\/\/www.mccavocat.fr\/index.php\/wp-json\/wp\/v2\/pages"}],"about":[{"href":"https:\/\/www.mccavocat.fr\/index.php\/wp-json\/wp\/v2\/types\/page"}],"author":[{"embeddable":true,"href":"https:\/\/www.mccavocat.fr\/index.php\/wp-json\/wp\/v2\/users\/1"}],"replies":[{"embeddable":true,"href":"https:\/\/www.mccavocat.fr\/index.php\/wp-json\/wp\/v2\/comments?post=126"}],"version-history":[{"count":12,"href":"https:\/\/www.mccavocat.fr\/index.php\/wp-json\/wp\/v2\/pages\/126\/revisions"}],"predecessor-version":[{"id":285,"href":"https:\/\/www.mccavocat.fr\/index.php\/wp-json\/wp\/v2\/pages\/126\/revisions\/285"}],"wp:attachment":[{"href":"https:\/\/www.mccavocat.fr\/index.php\/wp-json\/wp\/v2\/media?parent=126"}],"curies":[{"name":"wp","href":"https:\/\/api.w.org\/{rel}","templated":true}]}}