{"id":195,"date":"2023-07-27T09:46:00","date_gmt":"2023-07-27T07:46:00","guid":{"rendered":"http:\/\/www.mccavocat.fr\/?page_id=195"},"modified":"2023-07-27T11:28:04","modified_gmt":"2023-07-27T09:28:04","slug":"mentions-legales","status":"publish","type":"page","link":"https:\/\/www.mccavocat.fr\/index.php\/mentions-legales\/","title":{"rendered":"Mentions l\u00e9gales"},"content":{"rendered":"\n<div class=\"wp-block-group alignfull is-layout-constrained wp-block-group-is-layout-constrained\">\n<div class=\"wp-block-group alignwide is-content-justification-space-between is-layout-flex wp-container-core-group-is-layout-901ef6e1 wp-block-group-is-layout-flex\" style=\"padding-top:var(--wp--custom--spacing--small, 1.25rem);padding-bottom:var(--wp--custom--spacing--large, 8rem)\">\n<div class=\"wp-block-group is-layout-flex wp-block-group-is-layout-flex\"><div class=\"wp-block-site-logo\"><a href=\"https:\/\/www.mccavocat.fr\/\" class=\"custom-logo-link\" rel=\"home\"><img loading=\"lazy\" decoding=\"async\" width=\"64\" height=\"31\" src=\"https:\/\/www.mccavocat.fr\/wp-content\/uploads\/2023\/07\/logo-MCC.jpg\" class=\"custom-logo\" alt=\"WordPress\" srcset=\"https:\/\/www.mccavocat.fr\/wp-content\/uploads\/2023\/07\/logo-MCC.jpg 1101w, https:\/\/www.mccavocat.fr\/wp-content\/uploads\/2023\/07\/logo-MCC-300x150.jpg 300w, https:\/\/www.mccavocat.fr\/wp-content\/uploads\/2023\/07\/logo-MCC-1024x512.jpg 1024w, https:\/\/www.mccavocat.fr\/wp-content\/uploads\/2023\/07\/logo-MCC-768x384.jpg 768w\" sizes=\"auto, (max-width: 64px) 100vw, 64px\" \/><\/a><\/div><\/div>\n\n\n<nav class=\"is-responsive items-justified-right wp-block-navigation is-content-justification-right is-layout-flex wp-container-core-navigation-is-layout-f665d2b5 wp-block-navigation-is-layout-flex\" \n\t\t data-wp-interactive=\"core\/navigation\" data-wp-context='{\"overlayOpenedBy\":{\"click\":false,\"hover\":false,\"focus\":false},\"type\":\"overlay\",\"roleAttribute\":\"\",\"ariaLabel\":\"Menu\"}'><button aria-haspopup=\"dialog\" aria-label=\"Ouvrir le menu\" class=\"wp-block-navigation__responsive-container-open\" \n\t\t\t\tdata-wp-on--click=\"actions.openMenuOnClick\"\n\t\t\t\tdata-wp-on--keydown=\"actions.handleMenuKeydown\"\n\t\t\t><svg width=\"24\" height=\"24\" xmlns=\"http:\/\/www.w3.org\/2000\/svg\" viewBox=\"0 0 24 24\" aria-hidden=\"true\" focusable=\"false\"><path d=\"M4 7.5h16v1.5H4z\"><\/path><path d=\"M4 15h16v1.5H4z\"><\/path><\/svg><\/button>\n\t\t\t\t<div class=\"wp-block-navigation__responsive-container\"  id=\"modal-1\" \n\t\t\t\tdata-wp-class--has-modal-open=\"state.isMenuOpen\"\n\t\t\t\tdata-wp-class--is-menu-open=\"state.isMenuOpen\"\n\t\t\t\tdata-wp-watch=\"callbacks.initMenu\"\n\t\t\t\tdata-wp-on--keydown=\"actions.handleMenuKeydown\"\n\t\t\t\tdata-wp-on--focusout=\"actions.handleMenuFocusout\"\n\t\t\t\ttabindex=\"-1\"\n\t\t\t>\n\t\t\t\t\t<div class=\"wp-block-navigation__responsive-close\" tabindex=\"-1\">\n\t\t\t\t\t\t<div class=\"wp-block-navigation__responsive-dialog\" \n\t\t\t\tdata-wp-bind--aria-modal=\"state.ariaModal\"\n\t\t\t\tdata-wp-bind--aria-label=\"state.ariaLabel\"\n\t\t\t\tdata-wp-bind--role=\"state.roleAttribute\"\n\t\t\t>\n\t\t\t\t\t\t\t<button aria-label=\"Fermer le menu\" class=\"wp-block-navigation__responsive-container-close\" \n\t\t\t\tdata-wp-on--click=\"actions.closeMenuOnClick\"\n\t\t\t><svg xmlns=\"http:\/\/www.w3.org\/2000\/svg\" viewBox=\"0 0 24 24\" width=\"24\" height=\"24\" aria-hidden=\"true\" focusable=\"false\"><path d=\"m13.06 12 6.47-6.47-1.06-1.06L12 10.94 5.53 4.47 4.47 5.53 10.94 12l-6.47 6.47 1.06 1.06L12 13.06l6.47 6.47 1.06-1.06L13.06 12Z\"><\/path><\/svg><\/button>\n\t\t\t\t\t\t\t<div class=\"wp-block-navigation__responsive-container-content\" \n\t\t\t\tdata-wp-watch=\"callbacks.focusFirstElement\"\n\t\t\t id=\"modal-1-content\">\n\t\t\t\t\t\t\t\t<ul class=\"wp-block-navigation__container is-responsive items-justified-right wp-block-navigation\"><ul class=\"wp-block-page-list\"><li class=\"wp-block-pages-list__item wp-block-navigation-item open-on-hover-click\"><a class=\"wp-block-pages-list__item__link wp-block-navigation-item__content\" href=\"https:\/\/www.mccavocat.fr\/index.php\/domaine-de-competences\/\">Domaines de comp\u00e9tences &amp; d&rsquo;intervention<\/a><\/li><li class=\"wp-block-pages-list__item wp-block-navigation-item open-on-hover-click\"><a class=\"wp-block-pages-list__item__link wp-block-navigation-item__content\" href=\"https:\/\/www.mccavocat.fr\/index.php\/honoraires\/\">Honoraires<\/a><\/li><li class=\"wp-block-pages-list__item wp-block-navigation-item open-on-hover-click\"><a class=\"wp-block-pages-list__item__link wp-block-navigation-item__content\" href=\"https:\/\/www.mccavocat.fr\/index.php\/contact\/\">Contact<\/a><\/li><li class=\"wp-block-pages-list__item wp-block-navigation-item open-on-hover-click\"><a class=\"wp-block-pages-list__item__link wp-block-navigation-item__content\" href=\"https:\/\/www.mccavocat.fr\/index.php\/mentions-legales\/\">Mentions l\u00e9gales<\/a><\/li><\/ul><\/ul>\n\t\t\t\t\t\t\t<\/div>\n\t\t\t\t\t\t<\/div>\n\t\t\t\t\t<\/div>\n\t\t\t\t<\/div><\/nav><\/div>\n<\/div>\n\n\n\n<h2 class=\"wp-block-heading has-text-align-center\">Mentions l\u00e9gales<\/h2>\n\n\n\n<h2 class=\"wp-block-heading has-text-align-center has-x-large-font-size\">Margot CAVAGNA-CRESTANI&nbsp;<\/h2>\n\n\n\n<p class=\"has-text-align-center\">108 avenue du Lac L\u00e9man<br>B\u00e2timent Androm\u00e8de<\/p>\n\n\n\n<p class=\"has-text-align-center\">73290 LA MOTTE SERVOLEX<\/p>\n\n\n\n<p class=\"has-text-align-center\">T\u00e9l : 06.59.08.81.17<br>Mail : m.cavagna@mccavocat.fr<\/p>\n\n\n\n<p class=\"has-text-align-center\">N\u00b0 SIRET :&nbsp;84466268400027<\/p>\n\n\n\n<h2 class=\"wp-block-heading has-text-align-center has-x-large-font-size\">DIRECTEUR DE LA PUBLICATION<\/h2>\n\n\n\n<p class=\"has-text-align-center\">Margot CAVAGNA-CRESTANI<\/p>\n\n\n\n<h2 class=\"wp-block-heading has-text-align-center has-x-large-font-size\">H\u00c9BERGEMENT<\/h2>\n\n\n\n<p class=\"has-text-align-center\">Soci\u00e9t\u00e9 OVH et WORDPRESS<br><\/p>\n\n\n\n<h2 class=\"wp-block-heading has-text-align-center has-x-large-font-size\">INFORMATIQUE ET LIBERT\u00c9<\/h2>\n\n\n\n<p class=\"has-text-align-center\">L&rsquo;ensemble des donn\u00e9es scientifiques ou autres composant le site de Margot CAVAGNA-CRESTANI constitue une contribution intellectuelle appartenant \u00e0 Ma\u00eetre CAVAGNA-CRESTANI. Toute reproduction est interdite. Les informations ne supposent aucune appr\u00e9ciation des situations particuli\u00e8res d&rsquo;utilisation des m\u00e9thodes ou des produits, et ne sauraient de ce fait engager la responsabilit\u00e9 du cabinet \u00e0 quelque titre que ce soit.<\/p>\n\n\n\n<h2 class=\"wp-block-heading has-text-align-center has-x-large-font-size\">PROTECTION DES DONN\u00c9ES PERSONNELLES<\/h2>\n\n\n\n<p class=\"has-text-align-center\">Les donn\u00e9es personnelles recueillies sont trait\u00e9es et enregistr\u00e9es par le Cabinet, pour les finalit\u00e9s suivantes :<br>Prise de rendez-vous, r\u00e9ponse aux demandes envoy\u00e9es par courriel, gestion interne, gestion de la relation, r\u00e9ponse aux obligations l\u00e9gales et r\u00e9glementaires.<\/p>\n\n\n\n<p class=\"has-text-align-center\">L&rsquo;ensemble des moyens techniques est mis en \u0153uvre pour appliquer les proc\u00e9d\u00e9s de s\u00e9curit\u00e9 en vigueur.<br><br>Conform\u00e9ment au R\u00e8glement relatif \u00e0 la protection des personnes physiques \u00e0 l&rsquo;\u00e9gard du traitement des donn\u00e9es \u00e0 caract\u00e8re personnel et \u00e0 la libre circulation de ces donn\u00e9es, et abrogeant la directive 95\/46\/CE (r\u00e8glement g\u00e9n\u00e9ral sur la protection des donn\u00e9es), vous pouvez faire valoir vos droits d\u2019acc\u00e8s, de rectification, d\u2019opposition, d\u2019effacement des donn\u00e9es qui vous concernent, de limitation du traitement, ainsi que votre droit \u00e0 la portabilit\u00e9 de vos donn\u00e9es, en \u00e9crivant par courrier postal \u00e0 l\u2019adresse suivante :&nbsp; Margot CAVAGNA-CRESTANI, 108 avenue du Lac L\u00e9man, B.P. 452, 73290 LA MOTTE SERVOLEX<\/p>\n\n\n\n<p class=\"has-text-align-center\">Vous disposez \u00e9galement d&rsquo;un droit de r\u00e9clamation aupr\u00e8s de la commission nationale de l&rsquo;informatique et des libert\u00e9s (www.cnil.fr).<br><br>Lorsque vos donn\u00e9es personnelles ne sont plus n\u00e9cessaires pour la r\u00e9alisation des services attendus, seules sont conserv\u00e9es les informations soumises \u00e0 une obligation d&rsquo;archivage l\u00e9gal ou celles pour lesquelles vous avez donn\u00e9 votre consentement pour les conserver. Les autres sont supprim\u00e9es selon un proc\u00e9d\u00e9 s\u00e9curis\u00e9.<br><br>Mon cabinet s&rsquo;engage \u00e0 r\u00e9pondre \u00e0 toute demande d&rsquo;exercice de vos droits dans les d\u00e9lais l\u00e9gaux en vigueur.<\/p>\n\n\n\n<div class=\"wp-block-group alignfull is-layout-constrained wp-block-group-is-layout-constrained\">\n<div class=\"wp-block-group alignwide is-layout-flow wp-block-group-is-layout-flow\" style=\"padding-top:4rem;padding-bottom:4rem\"><nav class=\"is-responsive items-justified-center wp-block-navigation is-content-justification-center is-layout-flex wp-container-core-navigation-is-layout-64ede673 wp-block-navigation-is-layout-flex\" \n\t\t data-wp-interactive=\"core\/navigation\" data-wp-context='{\"overlayOpenedBy\":{\"click\":false,\"hover\":false,\"focus\":false},\"type\":\"overlay\",\"roleAttribute\":\"\",\"ariaLabel\":\"Menu\"}'><button aria-haspopup=\"dialog\" aria-label=\"Ouvrir le menu\" class=\"wp-block-navigation__responsive-container-open\" \n\t\t\t\tdata-wp-on--click=\"actions.openMenuOnClick\"\n\t\t\t\tdata-wp-on--keydown=\"actions.handleMenuKeydown\"\n\t\t\t><svg width=\"24\" height=\"24\" xmlns=\"http:\/\/www.w3.org\/2000\/svg\" viewBox=\"0 0 24 24\" aria-hidden=\"true\" focusable=\"false\"><path d=\"M4 7.5h16v1.5H4z\"><\/path><path d=\"M4 15h16v1.5H4z\"><\/path><\/svg><\/button>\n\t\t\t\t<div class=\"wp-block-navigation__responsive-container\"  id=\"modal-2\" \n\t\t\t\tdata-wp-class--has-modal-open=\"state.isMenuOpen\"\n\t\t\t\tdata-wp-class--is-menu-open=\"state.isMenuOpen\"\n\t\t\t\tdata-wp-watch=\"callbacks.initMenu\"\n\t\t\t\tdata-wp-on--keydown=\"actions.handleMenuKeydown\"\n\t\t\t\tdata-wp-on--focusout=\"actions.handleMenuFocusout\"\n\t\t\t\ttabindex=\"-1\"\n\t\t\t>\n\t\t\t\t\t<div class=\"wp-block-navigation__responsive-close\" tabindex=\"-1\">\n\t\t\t\t\t\t<div class=\"wp-block-navigation__responsive-dialog\" \n\t\t\t\tdata-wp-bind--aria-modal=\"state.ariaModal\"\n\t\t\t\tdata-wp-bind--aria-label=\"state.ariaLabel\"\n\t\t\t\tdata-wp-bind--role=\"state.roleAttribute\"\n\t\t\t>\n\t\t\t\t\t\t\t<button aria-label=\"Fermer le menu\" class=\"wp-block-navigation__responsive-container-close\" \n\t\t\t\tdata-wp-on--click=\"actions.closeMenuOnClick\"\n\t\t\t><svg xmlns=\"http:\/\/www.w3.org\/2000\/svg\" viewBox=\"0 0 24 24\" width=\"24\" height=\"24\" aria-hidden=\"true\" focusable=\"false\"><path d=\"m13.06 12 6.47-6.47-1.06-1.06L12 10.94 5.53 4.47 4.47 5.53 10.94 12l-6.47 6.47 1.06 1.06L12 13.06l6.47 6.47 1.06-1.06L13.06 12Z\"><\/path><\/svg><\/button>\n\t\t\t\t\t\t\t<div class=\"wp-block-navigation__responsive-container-content\" \n\t\t\t\tdata-wp-watch=\"callbacks.focusFirstElement\"\n\t\t\t id=\"modal-2-content\">\n\t\t\t\t\t\t\t\t<ul class=\"wp-block-navigation__container is-responsive items-justified-center wp-block-navigation\"><ul class=\"wp-block-page-list\"><li class=\"wp-block-pages-list__item wp-block-navigation-item open-on-hover-click\"><a class=\"wp-block-pages-list__item__link wp-block-navigation-item__content\" href=\"https:\/\/www.mccavocat.fr\/index.php\/domaine-de-competences\/\">Domaines de comp\u00e9tences &amp; d&rsquo;intervention<\/a><\/li><li class=\"wp-block-pages-list__item wp-block-navigation-item open-on-hover-click\"><a class=\"wp-block-pages-list__item__link wp-block-navigation-item__content\" href=\"https:\/\/www.mccavocat.fr\/index.php\/honoraires\/\">Honoraires<\/a><\/li><li class=\"wp-block-pages-list__item wp-block-navigation-item open-on-hover-click\"><a class=\"wp-block-pages-list__item__link wp-block-navigation-item__content\" href=\"https:\/\/www.mccavocat.fr\/index.php\/contact\/\">Contact<\/a><\/li><li class=\"wp-block-pages-list__item wp-block-navigation-item open-on-hover-click\"><a class=\"wp-block-pages-list__item__link wp-block-navigation-item__content\" href=\"https:\/\/www.mccavocat.fr\/index.php\/mentions-legales\/\">Mentions l\u00e9gales<\/a><\/li><\/ul><\/ul>\n\t\t\t\t\t\t\t<\/div>\n\t\t\t\t\t\t<\/div>\n\t\t\t\t\t<\/div>\n\t\t\t\t<\/div><\/nav>\n\n\n<div style=\"height:50px\" aria-hidden=\"true\" class=\"wp-block-spacer\"><\/div>\n\n\n\n<p class=\"has-text-align-center\" style=\"font-size:16px\">\u00a9 Margot CAVAGNA-CRESTANI<\/p>\n<\/div>\n<\/div>\n","protected":false},"excerpt":{"rendered":"<p>Mentions l\u00e9gales Margot CAVAGNA-CRESTANI&nbsp; 108 avenue du Lac L\u00e9manB\u00e2timent Androm\u00e8de 73290 LA MOTTE SERVOLEX T\u00e9l : 06.59.08.81.17Mail : m.cavagna@mccavocat.fr N\u00b0 SIRET :&nbsp;84466268400027 DIRECTEUR DE LA PUBLICATION Margot CAVAGNA-CRESTANI H\u00c9BERGEMENT Soci\u00e9t\u00e9 OVH et WORDPRESS INFORMATIQUE ET LIBERT\u00c9 L&rsquo;ensemble des donn\u00e9es scientifiques ou autres composant le site de Margot CAVAGNA-CRESTANI constitue une contribution intellectuelle appartenant \u00e0 Ma\u00eetre [&hellip;]<\/p>\n","protected":false},"author":1,"featured_media":0,"parent":0,"menu_order":5,"comment_status":"closed","ping_status":"closed","template":"blank","meta":{"footnotes":""},"class_list":["post-195","page","type-page","status-publish","hentry"],"_links":{"self":[{"href":"https:\/\/www.mccavocat.fr\/index.php\/wp-json\/wp\/v2\/pages\/195","targetHints":{"allow":["GET"]}}],"collection":[{"href":"https:\/\/www.mccavocat.fr\/index.php\/wp-json\/wp\/v2\/pages"}],"about":[{"href":"https:\/\/www.mccavocat.fr\/index.php\/wp-json\/wp\/v2\/types\/page"}],"author":[{"embeddable":true,"href":"https:\/\/www.mccavocat.fr\/index.php\/wp-json\/wp\/v2\/users\/1"}],"replies":[{"embeddable":true,"href":"https:\/\/www.mccavocat.fr\/index.php\/wp-json\/wp\/v2\/comments?post=195"}],"version-history":[{"count":5,"href":"https:\/\/www.mccavocat.fr\/index.php\/wp-json\/wp\/v2\/pages\/195\/revisions"}],"predecessor-version":[{"id":252,"href":"https:\/\/www.mccavocat.fr\/index.php\/wp-json\/wp\/v2\/pages\/195\/revisions\/252"}],"wp:attachment":[{"href":"https:\/\/www.mccavocat.fr\/index.php\/wp-json\/wp\/v2\/media?parent=195"}],"curies":[{"name":"wp","href":"https:\/\/api.w.org\/{rel}","templated":true}]}}